{"id":26665,"date":"2023-08-18T16:34:22","date_gmt":"2023-08-18T16:34:22","guid":{"rendered":"https:\/\/ta3liemshop.com\/product\/al-mostakbal-serie-enseignement-de-la-lecture-et-de-lecriture-niveaux-un-1-deux-2-trois-3\/"},"modified":"2023-08-18T16:34:22","modified_gmt":"2023-08-18T16:34:22","slug":"al-mostakbal-serie-enseignement-de-la-lecture-et-de-lecriture-niveaux-un-1-deux-2-trois-3","status":"publish","type":"product","link":"https:\/\/ta3liemshop.com\/fr\/product\/al-mostakbal-serie-enseignement-de-la-lecture-et-de-lecriture-niveaux-un-1-deux-2-trois-3\/","title":{"rendered":"Al-Mostakbal S\u00e9rie Enseignement de la Lecture et de l&rsquo;\u00c9criture \u2013 Niveaux (Un (1) + Deux (2) + Trois (3))"},"content":{"rendered":"<p>Al-Mostakbal S\u00e9rie Enseignement de la Lecture et de l&rsquo;\u00c9criture \u2013 Niveaux (Un (1) + Deux (2) + Trois (3))<\/p>\n<p>Une s\u00e9rie \u00e9ducative int\u00e9gr\u00e9e, bas\u00e9e sur des fondements scientifiques qui r\u00e9pondent aux sp\u00e9cifications des manuels scolaires modernes.<\/p>\n<p>Programmes d&rsquo;\u00e9tudes modernes et faciles qui tiennent compte des tendances psychologiques, intellectuelles et culturelles de l&rsquo;\u00e9l\u00e8ve.<\/p>\n<p>L&rsquo;utilisation de la technologie du stylo parlant pour faciliter l&rsquo;apprentissage, de sorte que le son soit directement int\u00e9gr\u00e9 dans le texte, ce qui simplifie le processus d&rsquo;apprentissage autonome pour nos enfants.<\/p>\n","protected":false},"excerpt":{"rendered":"<p>Al-Mostakbal S\u00e9rie Enseignement de la Lecture et de l&rsquo;\u00c9criture \u2013 Niveaux (Un (1) + Deux (2) + Trois (3)) Une<\/p>\n","protected":false},"featured_media":26666,"comment_status":"open","ping_status":"closed","template":"","meta":[],"product_brand":[],"product_cat":[536,517,530,510,511],"product_tag":[],"class_list":{"0":"post-26665","1":"product","2":"type-product","3":"status-publish","4":"has-post-thumbnail","6":"product_cat-al-mostakbal-etudiant","7":"product_cat-digital-future","8":"product_cat-etudiant-6-12-ans","9":"product_cat-programmes-detudes-arabes","10":"product_cat-rechercher-par-methode-denseignement","12":"first","13":"instock","14":"sale","15":"shipping-taxable","16":"purchasable","17":"product-type-simple"},"_links":{"self":[{"href":"https:\/\/ta3liemshop.com\/fr\/wp-json\/wp\/v2\/product\/26665","targetHints":{"allow":["GET"]}}],"collection":[{"href":"https:\/\/ta3liemshop.com\/fr\/wp-json\/wp\/v2\/product"}],"about":[{"href":"https:\/\/ta3liemshop.com\/fr\/wp-json\/wp\/v2\/types\/product"}],"replies":[{"embeddable":true,"href":"https:\/\/ta3liemshop.com\/fr\/wp-json\/wp\/v2\/comments?post=26665"}],"version-history":[{"count":0,"href":"https:\/\/ta3liemshop.com\/fr\/wp-json\/wp\/v2\/product\/26665\/revisions"}],"wp:featuredmedia":[{"embeddable":true,"href":"https:\/\/ta3liemshop.com\/fr\/wp-json\/wp\/v2\/media\/26666"}],"wp:attachment":[{"href":"https:\/\/ta3liemshop.com\/fr\/wp-json\/wp\/v2\/media?parent=26665"}],"wp:term":[{"taxonomy":"product_brand","embeddable":true,"href":"https:\/\/ta3liemshop.com\/fr\/wp-json\/wp\/v2\/product_brand?post=26665"},{"taxonomy":"product_cat","embeddable":true,"href":"https:\/\/ta3liemshop.com\/fr\/wp-json\/wp\/v2\/product_cat?post=26665"},{"taxonomy":"product_tag","embeddable":true,"href":"https:\/\/ta3liemshop.com\/fr\/wp-json\/wp\/v2\/product_tag?post=26665"}],"curies":[{"name":"wp","href":"https:\/\/api.w.org\/{rel}","templated":true}]}}