{"id":26686,"date":"2023-08-19T15:06:57","date_gmt":"2023-08-19T15:06:57","guid":{"rendered":"https:\/\/ta3liemshop.com\/product\/al-mostakbal-serie-enseignement-de-la-lecture-et-de-lecriture-le-stylo-electronique-parlant\/"},"modified":"2023-08-19T15:06:57","modified_gmt":"2023-08-19T15:06:57","slug":"al-mostakbal-serie-enseignement-de-la-lecture-et-de-lecriture-le-stylo-electronique-parlant","status":"publish","type":"product","link":"https:\/\/ta3liemshop.com\/fr\/product\/al-mostakbal-serie-enseignement-de-la-lecture-et-de-lecriture-le-stylo-electronique-parlant\/","title":{"rendered":"Al-Mostakbal S\u00e9rie Enseignement de la Lecture et de l&rsquo;\u00c9criture \u2013 Le Stylo \u00c9lectronique Parlant"},"content":{"rendered":"<p>La Stylo \u00c9lectronique Parlant Il s&rsquo;agit d&rsquo;un stylo d\u00e9di\u00e9 \u00e0 la s\u00e9rie Al-Mostakbal pour l&rsquo;enseignement de la langue arabe. Il lit le contenu des livres \u00e9ducatifs avec une voix humaine claire et convient aux enfants. (Le stylo est uniquement destin\u00e9 \u00e0 la lecture des livres, il ne fonctionne pas avec les cahiers). Le processus de lecture du contenu se fait en le pointant avec un stylo. Le stylo lit les lettres, les mots et les dessins indiqu\u00e9s. Le stylo parlant est un outil attrayant pour l&rsquo;enfant qui rend le processus d&rsquo;apprentissage agr\u00e9able et aide l&rsquo;enfant \u00e0 prononcer correctement les mots et les textes du livre. Il aide \u00e9galement l&rsquo;enfant \u00e0 apprendre de mani\u00e8re autonome en pratiquant des exercices et des jeux issus des livres de lecture. Le stylo fonctionne avec les neuf niveaux de la s\u00e9rie Future pour l&rsquo;enseignement de l&rsquo;arabe, et comprend : C\u00e2ble de connexion pour chargeur &#8211; casque. Le stylo contient \u00e9galement une fente pour carte m\u00e9moire, o\u00f9 des chansons et des enregistrements peuvent \u00eatre stock\u00e9s, de sorte que le stylo devienne un lecteur pour d&rsquo;autres fichiers audio que le contenu du livre. Le stylo est vendu s\u00e9par\u00e9ment des livres et ne convient pas aux enfants de moins de trois ans.<\/p>\n","protected":false},"excerpt":{"rendered":"<p>La Stylo \u00c9lectronique Parlant Il s&rsquo;agit d&rsquo;un stylo d\u00e9di\u00e9 \u00e0 la s\u00e9rie Al-Mostakbal pour l&rsquo;enseignement de la langue arabe. Il<\/p>\n","protected":false},"featured_media":26687,"comment_status":"open","ping_status":"closed","template":"","meta":[],"product_brand":[],"product_cat":[536,527,517,530,523,510,511],"product_tag":[],"class_list":{"0":"post-26686","1":"product","2":"type-product","3":"status-publish","4":"has-post-thumbnail","6":"product_cat-al-mostakbal-etudiant","7":"product_cat-al-mostakbal-prescolaire","8":"product_cat-digital-future","9":"product_cat-etudiant-6-12-ans","10":"product_cat-prescolaire-3-5-ans","11":"product_cat-programmes-detudes-arabes","12":"product_cat-rechercher-par-methode-denseignement","14":"first","15":"instock","16":"shipping-taxable","17":"purchasable","18":"product-type-simple"},"_links":{"self":[{"href":"https:\/\/ta3liemshop.com\/fr\/wp-json\/wp\/v2\/product\/26686","targetHints":{"allow":["GET"]}}],"collection":[{"href":"https:\/\/ta3liemshop.com\/fr\/wp-json\/wp\/v2\/product"}],"about":[{"href":"https:\/\/ta3liemshop.com\/fr\/wp-json\/wp\/v2\/types\/product"}],"replies":[{"embeddable":true,"href":"https:\/\/ta3liemshop.com\/fr\/wp-json\/wp\/v2\/comments?post=26686"}],"version-history":[{"count":0,"href":"https:\/\/ta3liemshop.com\/fr\/wp-json\/wp\/v2\/product\/26686\/revisions"}],"wp:featuredmedia":[{"embeddable":true,"href":"https:\/\/ta3liemshop.com\/fr\/wp-json\/wp\/v2\/media\/26687"}],"wp:attachment":[{"href":"https:\/\/ta3liemshop.com\/fr\/wp-json\/wp\/v2\/media?parent=26686"}],"wp:term":[{"taxonomy":"product_brand","embeddable":true,"href":"https:\/\/ta3liemshop.com\/fr\/wp-json\/wp\/v2\/product_brand?post=26686"},{"taxonomy":"product_cat","embeddable":true,"href":"https:\/\/ta3liemshop.com\/fr\/wp-json\/wp\/v2\/product_cat?post=26686"},{"taxonomy":"product_tag","embeddable":true,"href":"https:\/\/ta3liemshop.com\/fr\/wp-json\/wp\/v2\/product_tag?post=26686"}],"curies":[{"name":"wp","href":"https:\/\/api.w.org\/{rel}","templated":true}]}}