{"id":26739,"date":"2023-08-20T15:04:07","date_gmt":"2023-08-20T15:04:07","guid":{"rendered":"https:\/\/ta3liemshop.com\/product\/al-mostakbal-sac-enseignement-de-la-lecture-et-de-lecriture-niveau-trois-3\/"},"modified":"2023-08-20T15:04:07","modified_gmt":"2023-08-20T15:04:07","slug":"al-mostakbal-sac-enseignement-de-la-lecture-et-de-lecriture-niveau-trois-3","status":"publish","type":"product","link":"https:\/\/ta3liemshop.com\/fr\/product\/al-mostakbal-sac-enseignement-de-la-lecture-et-de-lecriture-niveau-trois-3\/","title":{"rendered":"Al-Mostakbal Sac Enseignement de la Lecture et de l&rsquo;\u00c9criture \u2013 Niveau Trois (3)"},"content":{"rendered":"<p>Al-Mostakbal Sac Enseignement de la Lecture et de l&rsquo;\u00c9criture \u2013 Niveau Trois (3)<\/p>\n<p>Groupe d&rsquo;\u00e2ge 6-9 ans<\/p>\n<p>Un cours \u00e9ducatif int\u00e9gr\u00e9 pour l&rsquo;enseignement de la langue arabe \u00e0 nos jeunes \u00e9tudiantes \u00e0 diff\u00e9rents niveaux.<\/p>\n<p>\u2013 Diverses cartes \u00e9ducatives pour l&rsquo;alphabet et ses accessoires, ainsi que pour le vocabulaire de base essentiel (couleurs\/formes\/animaux\/aliments\u2026 etc.).<\/p>\n<p>Grandes affiches illustratives qui aident l&rsquo;enfant dans le processus \u00e9ducatif.<\/p>\n<p>Un guide \u00e9ducatif pour les parents et les enseignants afin d&rsquo;accompagner l&rsquo;enfant dans le processus \u00e9ducatif.<\/p>\n<p>Activit\u00e9s, exercices et jeux qui aident l&rsquo;\u00e9l\u00e8ve \u00e0 apprendre tout en s&rsquo;amusant.<\/p>\n","protected":false},"excerpt":{"rendered":"<p>Al-Mostakbal Sac Enseignement de la Lecture et de l&rsquo;\u00c9criture \u2013 Niveau Trois (3) Groupe d&rsquo;\u00e2ge 6-9 ans Un cours \u00e9ducatif<\/p>\n","protected":false},"featured_media":26740,"comment_status":"open","ping_status":"closed","template":"","meta":[],"product_brand":[],"product_cat":[536,517,530,510,511],"product_tag":[],"class_list":{"0":"post-26739","1":"product","2":"type-product","3":"status-publish","4":"has-post-thumbnail","6":"product_cat-al-mostakbal-etudiant","7":"product_cat-digital-future","8":"product_cat-etudiant-6-12-ans","9":"product_cat-programmes-detudes-arabes","10":"product_cat-rechercher-par-methode-denseignement","12":"first","13":"instock","14":"shipping-taxable","15":"purchasable","16":"product-type-simple"},"_links":{"self":[{"href":"https:\/\/ta3liemshop.com\/fr\/wp-json\/wp\/v2\/product\/26739","targetHints":{"allow":["GET"]}}],"collection":[{"href":"https:\/\/ta3liemshop.com\/fr\/wp-json\/wp\/v2\/product"}],"about":[{"href":"https:\/\/ta3liemshop.com\/fr\/wp-json\/wp\/v2\/types\/product"}],"replies":[{"embeddable":true,"href":"https:\/\/ta3liemshop.com\/fr\/wp-json\/wp\/v2\/comments?post=26739"}],"version-history":[{"count":0,"href":"https:\/\/ta3liemshop.com\/fr\/wp-json\/wp\/v2\/product\/26739\/revisions"}],"wp:featuredmedia":[{"embeddable":true,"href":"https:\/\/ta3liemshop.com\/fr\/wp-json\/wp\/v2\/media\/26740"}],"wp:attachment":[{"href":"https:\/\/ta3liemshop.com\/fr\/wp-json\/wp\/v2\/media?parent=26739"}],"wp:term":[{"taxonomy":"product_brand","embeddable":true,"href":"https:\/\/ta3liemshop.com\/fr\/wp-json\/wp\/v2\/product_brand?post=26739"},{"taxonomy":"product_cat","embeddable":true,"href":"https:\/\/ta3liemshop.com\/fr\/wp-json\/wp\/v2\/product_cat?post=26739"},{"taxonomy":"product_tag","embeddable":true,"href":"https:\/\/ta3liemshop.com\/fr\/wp-json\/wp\/v2\/product_tag?post=26739"}],"curies":[{"name":"wp","href":"https:\/\/api.w.org\/{rel}","templated":true}]}}