{"id":26761,"date":"2023-08-16T13:35:07","date_gmt":"2023-08-16T13:35:07","guid":{"rendered":"https:\/\/ta3liemshop.com\/product\/dans-le-jardin-de-la-langue-arabe-livre-detude-et-grammaire-facile-niveau-cinq-5\/"},"modified":"2023-08-16T13:35:07","modified_gmt":"2023-08-16T13:35:07","slug":"dans-le-jardin-de-la-langue-arabe-livre-detude-et-grammaire-facile-niveau-cinq-5","status":"publish","type":"product","link":"https:\/\/ta3liemshop.com\/fr\/product\/dans-le-jardin-de-la-langue-arabe-livre-detude-et-grammaire-facile-niveau-cinq-5\/","title":{"rendered":"Dans le jardin de la langue Arabe \u2013 (Livre d&rsquo;\u00e9tude et Grammaire Facile) Niveau Cinq (5)"},"content":{"rendered":"<p>Au niveau 5 de la s\u00e9rie (Dans le jardin de la langue arabe), l&rsquo;\u00e9l\u00e8ve acquiert d&rsquo;autres nouvelles comp\u00e9tences qui l&rsquo;aident \u00e0 apprendre l&rsquo;arabe en tant que deuxi\u00e8me langue pour les non-arabophones.<\/p>\n","protected":false},"excerpt":{"rendered":"<p>Au niveau 5 de la s\u00e9rie (Dans le jardin de la langue arabe), l&rsquo;\u00e9l\u00e8ve acquiert d&rsquo;autres nouvelles comp\u00e9tences qui l&rsquo;aident<\/p>\n","protected":false},"featured_media":26762,"comment_status":"open","ping_status":"closed","template":"","meta":[],"product_brand":[],"product_cat":[516,537,530,510,511],"product_tag":[],"class_list":{"0":"post-26761","1":"product","2":"type-product","3":"status-publish","4":"has-post-thumbnail","6":"product_cat-dans-le-jardin-de-la-langue-arabe","7":"product_cat-dans-le-jardin-de-la-langue-arabe-etudiant","8":"product_cat-etudiant-6-12-ans","9":"product_cat-programmes-detudes-arabes","10":"product_cat-rechercher-par-methode-denseignement","12":"first","13":"instock","14":"shipping-taxable","15":"purchasable","16":"product-type-simple"},"_links":{"self":[{"href":"https:\/\/ta3liemshop.com\/fr\/wp-json\/wp\/v2\/product\/26761","targetHints":{"allow":["GET"]}}],"collection":[{"href":"https:\/\/ta3liemshop.com\/fr\/wp-json\/wp\/v2\/product"}],"about":[{"href":"https:\/\/ta3liemshop.com\/fr\/wp-json\/wp\/v2\/types\/product"}],"replies":[{"embeddable":true,"href":"https:\/\/ta3liemshop.com\/fr\/wp-json\/wp\/v2\/comments?post=26761"}],"version-history":[{"count":0,"href":"https:\/\/ta3liemshop.com\/fr\/wp-json\/wp\/v2\/product\/26761\/revisions"}],"wp:featuredmedia":[{"embeddable":true,"href":"https:\/\/ta3liemshop.com\/fr\/wp-json\/wp\/v2\/media\/26762"}],"wp:attachment":[{"href":"https:\/\/ta3liemshop.com\/fr\/wp-json\/wp\/v2\/media?parent=26761"}],"wp:term":[{"taxonomy":"product_brand","embeddable":true,"href":"https:\/\/ta3liemshop.com\/fr\/wp-json\/wp\/v2\/product_brand?post=26761"},{"taxonomy":"product_cat","embeddable":true,"href":"https:\/\/ta3liemshop.com\/fr\/wp-json\/wp\/v2\/product_cat?post=26761"},{"taxonomy":"product_tag","embeddable":true,"href":"https:\/\/ta3liemshop.com\/fr\/wp-json\/wp\/v2\/product_tag?post=26761"}],"curies":[{"name":"wp","href":"https:\/\/api.w.org\/{rel}","templated":true}]}}