{"id":26805,"date":"2023-08-21T13:08:43","date_gmt":"2023-08-21T13:08:43","guid":{"rendered":"https:\/\/ta3liemshop.com\/product\/notre-langue-arabe-facile-pas-difficile-niveau-preliminaire\/"},"modified":"2023-08-21T13:08:43","modified_gmt":"2023-08-21T13:08:43","slug":"notre-langue-arabe-facile-pas-difficile-niveau-preliminaire","status":"publish","type":"product","link":"https:\/\/ta3liemshop.com\/fr\/product\/notre-langue-arabe-facile-pas-difficile-niveau-preliminaire\/","title":{"rendered":"Notre langue Arabe Facile Pas Difficile \u2013 Niveau Pr\u00e9liminaire"},"content":{"rendered":"<p>Notre langue arabe facile pas difficile La m\u00e9thode facile pour enseigner l&rsquo;arabe en Europe et en Am\u00e9rique: Nous sommes heureux de pr\u00e9senter ce beau livre pour le niveau pr\u00e9liminaire, pour le groupe d&rsquo;\u00e2ge de 5 \u00e0 8 ans. Ce livre est un \u00e9pisode d&rsquo;une s\u00e9rie de livres de notre programme s\u00e9quentiel et int\u00e9gr\u00e9. Nous nous sommes appuy\u00e9s sur la bonne utilisation des principaux sens dans le processus d&rsquo;apprentissage, en nous concentrant sur la comp\u00e9tence d&rsquo;\u00e9coute, soutenue par de belles et attractives images et ensuite par l&rsquo;ex\u00e9cution \u00e9crite.  <\/p>\n","protected":false},"excerpt":{"rendered":"<p>Notre langue arabe facile pas difficile La m\u00e9thode facile pour enseigner l&rsquo;arabe en Europe et en Am\u00e9rique: Nous sommes heureux<\/p>\n","protected":false},"featured_media":26806,"comment_status":"open","ping_status":"closed","template":"","meta":[],"product_brand":[],"product_cat":[530,514,534,529,523,510,511],"product_tag":[],"class_list":{"0":"post-26805","1":"product","2":"type-product","3":"status-publish","4":"has-post-thumbnail","6":"product_cat-etudiant-6-12-ans","7":"product_cat-facile-pas-difficile","8":"product_cat-facile-pas-difficile-etudiant","9":"product_cat-facile-pas-difficile-prescolaire","10":"product_cat-prescolaire-3-5-ans","11":"product_cat-programmes-detudes-arabes","12":"product_cat-rechercher-par-methode-denseignement","14":"first","15":"instock","16":"shipping-taxable","17":"purchasable","18":"product-type-simple"},"_links":{"self":[{"href":"https:\/\/ta3liemshop.com\/fr\/wp-json\/wp\/v2\/product\/26805","targetHints":{"allow":["GET"]}}],"collection":[{"href":"https:\/\/ta3liemshop.com\/fr\/wp-json\/wp\/v2\/product"}],"about":[{"href":"https:\/\/ta3liemshop.com\/fr\/wp-json\/wp\/v2\/types\/product"}],"replies":[{"embeddable":true,"href":"https:\/\/ta3liemshop.com\/fr\/wp-json\/wp\/v2\/comments?post=26805"}],"version-history":[{"count":0,"href":"https:\/\/ta3liemshop.com\/fr\/wp-json\/wp\/v2\/product\/26805\/revisions"}],"wp:featuredmedia":[{"embeddable":true,"href":"https:\/\/ta3liemshop.com\/fr\/wp-json\/wp\/v2\/media\/26806"}],"wp:attachment":[{"href":"https:\/\/ta3liemshop.com\/fr\/wp-json\/wp\/v2\/media?parent=26805"}],"wp:term":[{"taxonomy":"product_brand","embeddable":true,"href":"https:\/\/ta3liemshop.com\/fr\/wp-json\/wp\/v2\/product_brand?post=26805"},{"taxonomy":"product_cat","embeddable":true,"href":"https:\/\/ta3liemshop.com\/fr\/wp-json\/wp\/v2\/product_cat?post=26805"},{"taxonomy":"product_tag","embeddable":true,"href":"https:\/\/ta3liemshop.com\/fr\/wp-json\/wp\/v2\/product_tag?post=26805"}],"curies":[{"name":"wp","href":"https:\/\/api.w.org\/{rel}","templated":true}]}}