{"id":26814,"date":"2023-08-21T14:06:32","date_gmt":"2023-08-21T14:06:32","guid":{"rendered":"https:\/\/ta3liemshop.com\/product\/notre-langue-arabe-facile-pas-aifficile-niveau-un-1\/"},"modified":"2023-08-21T14:06:32","modified_gmt":"2023-08-21T14:06:32","slug":"notre-langue-arabe-facile-pas-aifficile-niveau-un-1","status":"publish","type":"product","link":"https:\/\/ta3liemshop.com\/fr\/product\/notre-langue-arabe-facile-pas-aifficile-niveau-un-1\/","title":{"rendered":"Notre langue Arabe Facile Pas Aifficile &#8211; Niveau Un (1)"},"content":{"rendered":"<p>Notre langue arabe facile pas difficile La m\u00e9thode facile pour enseigner l&rsquo;arabe en Europe et en Am\u00e9rique: Nous sommes heureux de mettre ce beau livre de premier niveau, destin\u00e9 au groupe d&rsquo;\u00e2ge de 7 \u00e0 9 ans, entre les mains de nos fr\u00e8res et s\u0153urs, enseignants et enfants en Europe. Ce livre fait partie de la s\u00e9rie de nos livres de programme int\u00e9gr\u00e9s et s\u00e9quentiels. Nous nous sommes appuy\u00e9s sur les quatre comp\u00e9tences : \u00e9couter, lire, \u00e9crire et parler. Le tout dans un mod\u00e8le simple, int\u00e9ressant et confortable.   <\/p>\n","protected":false},"excerpt":{"rendered":"<p>Notre langue arabe facile pas difficile La m\u00e9thode facile pour enseigner l&rsquo;arabe en Europe et en Am\u00e9rique: Nous sommes heureux<\/p>\n","protected":false},"featured_media":26815,"comment_status":"open","ping_status":"closed","template":"","meta":[],"product_brand":[],"product_cat":[530,514,534,510,511],"product_tag":[],"class_list":{"0":"post-26814","1":"product","2":"type-product","3":"status-publish","4":"has-post-thumbnail","6":"product_cat-etudiant-6-12-ans","7":"product_cat-facile-pas-difficile","8":"product_cat-facile-pas-difficile-etudiant","9":"product_cat-programmes-detudes-arabes","10":"product_cat-rechercher-par-methode-denseignement","12":"first","13":"instock","14":"shipping-taxable","15":"purchasable","16":"product-type-simple"},"_links":{"self":[{"href":"https:\/\/ta3liemshop.com\/fr\/wp-json\/wp\/v2\/product\/26814","targetHints":{"allow":["GET"]}}],"collection":[{"href":"https:\/\/ta3liemshop.com\/fr\/wp-json\/wp\/v2\/product"}],"about":[{"href":"https:\/\/ta3liemshop.com\/fr\/wp-json\/wp\/v2\/types\/product"}],"replies":[{"embeddable":true,"href":"https:\/\/ta3liemshop.com\/fr\/wp-json\/wp\/v2\/comments?post=26814"}],"version-history":[{"count":0,"href":"https:\/\/ta3liemshop.com\/fr\/wp-json\/wp\/v2\/product\/26814\/revisions"}],"wp:featuredmedia":[{"embeddable":true,"href":"https:\/\/ta3liemshop.com\/fr\/wp-json\/wp\/v2\/media\/26815"}],"wp:attachment":[{"href":"https:\/\/ta3liemshop.com\/fr\/wp-json\/wp\/v2\/media?parent=26814"}],"wp:term":[{"taxonomy":"product_brand","embeddable":true,"href":"https:\/\/ta3liemshop.com\/fr\/wp-json\/wp\/v2\/product_brand?post=26814"},{"taxonomy":"product_cat","embeddable":true,"href":"https:\/\/ta3liemshop.com\/fr\/wp-json\/wp\/v2\/product_cat?post=26814"},{"taxonomy":"product_tag","embeddable":true,"href":"https:\/\/ta3liemshop.com\/fr\/wp-json\/wp\/v2\/product_tag?post=26814"}],"curies":[{"name":"wp","href":"https:\/\/api.w.org\/{rel}","templated":true}]}}