{"id":27338,"date":"2023-08-11T12:55:50","date_gmt":"2023-08-11T12:55:50","guid":{"rendered":"https:\/\/ta3liemshop.com\/product\/al-sabeel-per-listruzione-libro-di-studio-primo-livello-di-qualificazione-1\/"},"modified":"2023-08-11T12:55:50","modified_gmt":"2023-08-11T12:55:50","slug":"al-sabeel-per-listruzione-libro-di-studio-primo-livello-di-qualificazione-1","status":"publish","type":"product","link":"https:\/\/ta3liemshop.com\/it\/product\/al-sabeel-per-listruzione-libro-di-studio-primo-livello-di-qualificazione-1\/","title":{"rendered":"Al-Sabeel per l&#8217;Istruzione &#8211; (Libro di Studio) Primo Livello di Qualificazione (1)"},"content":{"rendered":"<p>Il primo livello preparatorio ha 8 unit\u00e0. Queste unit\u00e0 si concentrano su fondamenti e buone maniere. Le attivit\u00e0 sono volte a far sentire i bambini a proprio agio a scuola.  <\/p>\n","protected":false},"excerpt":{"rendered":"<p>Il primo livello preparatorio ha 8 unit\u00e0. Queste unit\u00e0 si concentrano su fondamenti e buone maniere. Le attivit\u00e0 sono volte<\/p>\n","protected":false},"featured_media":27339,"comment_status":"open","ping_status":"closed","template":"","meta":[],"product_brand":[],"product_cat":[563,577,586,562,574,561,581],"product_tag":[],"class_list":{"0":"post-27338","1":"product","2":"type-product","3":"status-publish","4":"has-post-thumbnail","6":"product_cat-al-sabeel","7":"product_cat-al-sabeel-prescolare","8":"product_cat-al-sabeel-scolaro","9":"product_cat-cerca-per-metodo-didattico","10":"product_cat-prescolare-3-5-anni","11":"product_cat-programmi-educativi-arabi","12":"product_cat-scolaro-6-12-anni","14":"first","15":"instock","16":"shipping-taxable","17":"purchasable","18":"product-type-simple"},"_links":{"self":[{"href":"https:\/\/ta3liemshop.com\/it\/wp-json\/wp\/v2\/product\/27338","targetHints":{"allow":["GET"]}}],"collection":[{"href":"https:\/\/ta3liemshop.com\/it\/wp-json\/wp\/v2\/product"}],"about":[{"href":"https:\/\/ta3liemshop.com\/it\/wp-json\/wp\/v2\/types\/product"}],"replies":[{"embeddable":true,"href":"https:\/\/ta3liemshop.com\/it\/wp-json\/wp\/v2\/comments?post=27338"}],"version-history":[{"count":0,"href":"https:\/\/ta3liemshop.com\/it\/wp-json\/wp\/v2\/product\/27338\/revisions"}],"wp:featuredmedia":[{"embeddable":true,"href":"https:\/\/ta3liemshop.com\/it\/wp-json\/wp\/v2\/media\/27339"}],"wp:attachment":[{"href":"https:\/\/ta3liemshop.com\/it\/wp-json\/wp\/v2\/media?parent=27338"}],"wp:term":[{"taxonomy":"product_brand","embeddable":true,"href":"https:\/\/ta3liemshop.com\/it\/wp-json\/wp\/v2\/product_brand?post=27338"},{"taxonomy":"product_cat","embeddable":true,"href":"https:\/\/ta3liemshop.com\/it\/wp-json\/wp\/v2\/product_cat?post=27338"},{"taxonomy":"product_tag","embeddable":true,"href":"https:\/\/ta3liemshop.com\/it\/wp-json\/wp\/v2\/product_tag?post=27338"}],"curies":[{"name":"wp","href":"https:\/\/api.w.org\/{rel}","templated":true}]}}