{"id":27363,"date":"2023-08-11T22:00:54","date_gmt":"2023-08-11T22:00:54","guid":{"rendered":"https:\/\/ta3liemshop.com\/product\/al-sabeel-per-listruzione-libro-di-studio-e-libro-di-esercizi-primo-livello-di-qualificazione-1\/"},"modified":"2023-08-11T22:00:54","modified_gmt":"2023-08-11T22:00:54","slug":"al-sabeel-per-listruzione-libro-di-studio-e-libro-di-esercizi-primo-livello-di-qualificazione-1","status":"publish","type":"product","link":"https:\/\/ta3liemshop.com\/it\/product\/al-sabeel-per-listruzione-libro-di-studio-e-libro-di-esercizi-primo-livello-di-qualificazione-1\/","title":{"rendered":"Al-Sabeel per l&#8217;Istruzione \u2013 (Libro di Studio e Libro di Esercizi) Primo Livello di Qualificazione (1)"},"content":{"rendered":"<div class=\"woocommerce-tabs wc-tabs-wrapper tabs-layout-accordion wd-accordion wd-style-default wd-inited\" data-state=\"first\" data-layout=\"accordion\">\n<div class=\"wd-accordion-item\">\n<div id=\"tab-description\" class=\"entry-content woocommerce-Tabs-panel woocommerce-Tabs-panel--description wd-active wd-scroll wd-accordion-content\" role=\"tabpanel\" aria-labelledby=\"tab-title-description\" data-accordion-index=\"description\">\n<div class=\"wc-tab-inner wd-scroll-content\">\n<p>Il primo livello preparatorio ha 8 unit\u00e0. Queste unit\u00e0 si concentrano su fondamenti e buone maniere. Le attivit\u00e0 sono volte a far sentire i bambini a proprio agio a scuola.  <\/p>\n<\/div>\n<\/div>\n<\/div>\n<\/div>\n","protected":false},"excerpt":{"rendered":"<p>Il primo livello preparatorio ha 8 unit\u00e0. Queste unit\u00e0 si concentrano su fondamenti e buone maniere. Le attivit\u00e0 sono volte<\/p>\n","protected":false},"featured_media":27364,"comment_status":"open","ping_status":"closed","template":"","meta":[],"product_brand":[],"product_cat":[563,577,586,562,574,561,581],"product_tag":[],"class_list":{"0":"post-27363","1":"product","2":"type-product","3":"status-publish","4":"has-post-thumbnail","6":"product_cat-al-sabeel","7":"product_cat-al-sabeel-prescolare","8":"product_cat-al-sabeel-scolaro","9":"product_cat-cerca-per-metodo-didattico","10":"product_cat-prescolare-3-5-anni","11":"product_cat-programmi-educativi-arabi","12":"product_cat-scolaro-6-12-anni","14":"first","15":"instock","16":"sale","17":"shipping-taxable","18":"purchasable","19":"product-type-simple"},"_links":{"self":[{"href":"https:\/\/ta3liemshop.com\/it\/wp-json\/wp\/v2\/product\/27363","targetHints":{"allow":["GET"]}}],"collection":[{"href":"https:\/\/ta3liemshop.com\/it\/wp-json\/wp\/v2\/product"}],"about":[{"href":"https:\/\/ta3liemshop.com\/it\/wp-json\/wp\/v2\/types\/product"}],"replies":[{"embeddable":true,"href":"https:\/\/ta3liemshop.com\/it\/wp-json\/wp\/v2\/comments?post=27363"}],"version-history":[{"count":0,"href":"https:\/\/ta3liemshop.com\/it\/wp-json\/wp\/v2\/product\/27363\/revisions"}],"wp:featuredmedia":[{"embeddable":true,"href":"https:\/\/ta3liemshop.com\/it\/wp-json\/wp\/v2\/media\/27364"}],"wp:attachment":[{"href":"https:\/\/ta3liemshop.com\/it\/wp-json\/wp\/v2\/media?parent=27363"}],"wp:term":[{"taxonomy":"product_brand","embeddable":true,"href":"https:\/\/ta3liemshop.com\/it\/wp-json\/wp\/v2\/product_brand?post=27363"},{"taxonomy":"product_cat","embeddable":true,"href":"https:\/\/ta3liemshop.com\/it\/wp-json\/wp\/v2\/product_cat?post=27363"},{"taxonomy":"product_tag","embeddable":true,"href":"https:\/\/ta3liemshop.com\/it\/wp-json\/wp\/v2\/product_tag?post=27363"}],"curies":[{"name":"wp","href":"https:\/\/api.w.org\/{rel}","templated":true}]}}