{"id":27477,"date":"2023-08-13T14:47:31","date_gmt":"2023-08-13T14:47:31","guid":{"rendered":"https:\/\/ta3liemshop.com\/product\/al-sabeel-per-listruzione-libro-di-studio-e-libro-di-esercizi-livello-due-2\/"},"modified":"2023-08-13T14:47:31","modified_gmt":"2023-08-13T14:47:31","slug":"al-sabeel-per-listruzione-libro-di-studio-e-libro-di-esercizi-livello-due-2","status":"publish","type":"product","link":"https:\/\/ta3liemshop.com\/it\/product\/al-sabeel-per-listruzione-libro-di-studio-e-libro-di-esercizi-livello-due-2\/","title":{"rendered":"Al-Sabeel per l&#8217;Istruzione \u2013 (Libro di Studio e Libro di Esercizi) Livello due (2)"},"content":{"rendered":"<p>Supporto e Rafforzamento: anni 3 e 4 Questo programma \u00e8 composto da 20 unit\u00e0 suddivise in due anni. L&#8217;obiettivo \u00e8 arricchire il vocabolario degli studenti e insegnare strumenti di espressione attraverso abilit\u00e0 di ascolto, conversazione, lettura e scrittura. Un altro obiettivo \u00e8 rafforzare la fede degli studenti attraverso storie coraniche e spiegare alcuni concetti base dell&#8217;adorazione, come l&#8217;abluzione, la preghiera, la gratitudine e le buone maniere, soprattutto in una societ\u00e0 multiculturale.<\/p>\n","protected":false},"excerpt":{"rendered":"<p>Supporto e Rafforzamento: anni 3 e 4 Questo programma \u00e8 composto da 20 unit\u00e0 suddivise in due anni. L&#8217;obiettivo \u00e8<\/p>\n","protected":false},"featured_media":27478,"comment_status":"open","ping_status":"closed","template":"","meta":[],"product_brand":[],"product_cat":[563,586,562,561,581],"product_tag":[],"class_list":{"0":"post-27477","1":"product","2":"type-product","3":"status-publish","4":"has-post-thumbnail","6":"product_cat-al-sabeel","7":"product_cat-al-sabeel-scolaro","8":"product_cat-cerca-per-metodo-didattico","9":"product_cat-programmi-educativi-arabi","10":"product_cat-scolaro-6-12-anni","12":"first","13":"instock","14":"sale","15":"shipping-taxable","16":"purchasable","17":"product-type-simple"},"_links":{"self":[{"href":"https:\/\/ta3liemshop.com\/it\/wp-json\/wp\/v2\/product\/27477","targetHints":{"allow":["GET"]}}],"collection":[{"href":"https:\/\/ta3liemshop.com\/it\/wp-json\/wp\/v2\/product"}],"about":[{"href":"https:\/\/ta3liemshop.com\/it\/wp-json\/wp\/v2\/types\/product"}],"replies":[{"embeddable":true,"href":"https:\/\/ta3liemshop.com\/it\/wp-json\/wp\/v2\/comments?post=27477"}],"version-history":[{"count":0,"href":"https:\/\/ta3liemshop.com\/it\/wp-json\/wp\/v2\/product\/27477\/revisions"}],"wp:featuredmedia":[{"embeddable":true,"href":"https:\/\/ta3liemshop.com\/it\/wp-json\/wp\/v2\/media\/27478"}],"wp:attachment":[{"href":"https:\/\/ta3liemshop.com\/it\/wp-json\/wp\/v2\/media?parent=27477"}],"wp:term":[{"taxonomy":"product_brand","embeddable":true,"href":"https:\/\/ta3liemshop.com\/it\/wp-json\/wp\/v2\/product_brand?post=27477"},{"taxonomy":"product_cat","embeddable":true,"href":"https:\/\/ta3liemshop.com\/it\/wp-json\/wp\/v2\/product_cat?post=27477"},{"taxonomy":"product_tag","embeddable":true,"href":"https:\/\/ta3liemshop.com\/it\/wp-json\/wp\/v2\/product_tag?post=27477"}],"curies":[{"name":"wp","href":"https:\/\/api.w.org\/{rel}","templated":true}]}}