{"id":28051,"date":"2023-08-19T15:06:57","date_gmt":"2023-08-19T15:06:57","guid":{"rendered":"https:\/\/ta3liemshop.com\/product\/al-mostakbal-serie-insegnamento-della-lettura-e-scrittura-la-penna-elettronica-parlante\/"},"modified":"2023-08-19T15:06:57","modified_gmt":"2023-08-19T15:06:57","slug":"al-mostakbal-serie-insegnamento-della-lettura-e-scrittura-la-penna-elettronica-parlante","status":"publish","type":"product","link":"https:\/\/ta3liemshop.com\/it\/product\/al-mostakbal-serie-insegnamento-della-lettura-e-scrittura-la-penna-elettronica-parlante\/","title":{"rendered":"Al-Mostakbal Serie Insegnamento della Lettura e Scrittura \u2013 La penna elettronica parlante."},"content":{"rendered":"<p>Penna elettronica parlante dedicata alla serie Al-Mostakbal per l&#8217;insegnamento della lingua araba. Legge il contenuto dei libri educativi con una chiara voce umana ed \u00e8 adatta all&#8217;et\u00e0 dei bambini. ((La penna \u00e8 solo per leggere libri, non funziona con quaderni)). Il processo di lettura avviene puntando con la penna. La penna legge le lettere, le parole e i disegni indicati su di essa. La penna parlante \u00e8 uno strumento attraente per il bambino, rendendo il processo di apprendimento piacevole e aiutandolo a pronunciare correttamente le parole e i testi del libro. Aiuta anche il bambino nell&#8217;autoapprendimento, esercitando alcuni esercizi e giochi dai libri di lettura. La penna funziona con i nove livelli della serie Future per l&#8217;insegnamento dell&#8217;arabo, e include: Cavo di connessione per caricatore &#8211; cuffie. La penna contiene anche uno slot per inserire una scheda di memoria, su cui possono essere memorizzate alcune canzoni e registrazioni, in modo che la penna diventi un lettore per altri file audio oltre al contenuto del libro. La penna viene venduta separatamente dai libri e non \u00e8 adatta ai bambini sotto i tre anni.<\/p>\n","protected":false},"excerpt":{"rendered":"<p>Penna elettronica parlante dedicata alla serie Al-Mostakbal per l&#8217;insegnamento della lingua araba. Legge il contenuto dei libri educativi con una<\/p>\n","protected":false},"featured_media":28052,"comment_status":"open","ping_status":"closed","template":"","meta":[],"product_brand":[],"product_cat":[578,587,562,568,574,561,581],"product_tag":[],"class_list":{"0":"post-28051","1":"product","2":"type-product","3":"status-publish","4":"has-post-thumbnail","6":"product_cat-al-mostakbal-prescolare","7":"product_cat-al-mostakbal-scolaro","8":"product_cat-cerca-per-metodo-didattico","9":"product_cat-digital-future","10":"product_cat-prescolare-3-5-anni","11":"product_cat-programmi-educativi-arabi","12":"product_cat-scolaro-6-12-anni","14":"first","15":"instock","16":"shipping-taxable","17":"purchasable","18":"product-type-simple"},"_links":{"self":[{"href":"https:\/\/ta3liemshop.com\/it\/wp-json\/wp\/v2\/product\/28051","targetHints":{"allow":["GET"]}}],"collection":[{"href":"https:\/\/ta3liemshop.com\/it\/wp-json\/wp\/v2\/product"}],"about":[{"href":"https:\/\/ta3liemshop.com\/it\/wp-json\/wp\/v2\/types\/product"}],"replies":[{"embeddable":true,"href":"https:\/\/ta3liemshop.com\/it\/wp-json\/wp\/v2\/comments?post=28051"}],"version-history":[{"count":0,"href":"https:\/\/ta3liemshop.com\/it\/wp-json\/wp\/v2\/product\/28051\/revisions"}],"wp:featuredmedia":[{"embeddable":true,"href":"https:\/\/ta3liemshop.com\/it\/wp-json\/wp\/v2\/media\/28052"}],"wp:attachment":[{"href":"https:\/\/ta3liemshop.com\/it\/wp-json\/wp\/v2\/media?parent=28051"}],"wp:term":[{"taxonomy":"product_brand","embeddable":true,"href":"https:\/\/ta3liemshop.com\/it\/wp-json\/wp\/v2\/product_brand?post=28051"},{"taxonomy":"product_cat","embeddable":true,"href":"https:\/\/ta3liemshop.com\/it\/wp-json\/wp\/v2\/product_cat?post=28051"},{"taxonomy":"product_tag","embeddable":true,"href":"https:\/\/ta3liemshop.com\/it\/wp-json\/wp\/v2\/product_tag?post=28051"}],"curies":[{"name":"wp","href":"https:\/\/api.w.org\/{rel}","templated":true}]}}